{"id":35,"date":"2024-05-14T10:08:58","date_gmt":"2024-05-14T10:08:58","guid":{"rendered":"http:\/\/jahrgangstreffen-1974.ch\/?page_id=35"},"modified":"2026-03-16T21:36:39","modified_gmt":"2026-03-16T21:36:39","slug":"home","status":"publish","type":"page","link":"https:\/\/jahrgangstreffen-1974.ch\/","title":{"rendered":"Home"},"content":{"rendered":"\t\t<div data-elementor-type=\"wp-page\" data-elementor-id=\"35\" class=\"elementor elementor-35\">\n\t\t\t\t<div class=\"elementor-element elementor-element-0cbe08b e-flex e-con-boxed e-con e-parent\" data-id=\"0cbe08b\" data-element_type=\"container\" data-e-type=\"container\">\n\t\t\t\t\t<div class=\"e-con-inner\">\n\t\t\t\t<div class=\"elementor-element elementor-element-5a99d2b elementor-widget elementor-widget-image\" data-id=\"5a99d2b\" data-element_type=\"widget\" data-e-type=\"widget\" data-widget_type=\"image.default\">\n\t\t\t\t<div class=\"elementor-widget-container\">\n\t\t\t\t\t\t\t\t\t\t\t\t\t\t\t<img decoding=\"async\" width=\"300\" height=\"140\" src=\"https:\/\/jahrgangstreffen-1974.ch\/wp-content\/uploads\/2024\/05\/1974_LogoWeb-1-300x140.png\" class=\"attachment-medium size-medium wp-image-375\" alt=\"\" srcset=\"https:\/\/jahrgangstreffen-1974.ch\/wp-content\/uploads\/2024\/05\/1974_LogoWeb-1-300x140.png 300w, https:\/\/jahrgangstreffen-1974.ch\/wp-content\/uploads\/2024\/05\/1974_LogoWeb-1.png 400w\" sizes=\"(max-width: 300px) 100vw, 300px\" \/>\t\t\t\t\t\t\t\t\t\t\t\t\t\t\t<\/div>\n\t\t\t\t<\/div>\n\t\t\t\t\t<\/div>\n\t\t\t\t<\/div>\n\t\t<div class=\"elementor-element elementor-element-7386bdb e-con-full e-flex e-con e-parent\" data-id=\"7386bdb\" data-element_type=\"container\" data-e-type=\"container\" data-settings=\"{&quot;background_background&quot;:&quot;classic&quot;}\">\n\t\t\t\t<div class=\"elementor-element elementor-element-099c072 elementor-widget__width-initial elementor-widget elementor-widget-heading\" data-id=\"099c072\" data-element_type=\"widget\" data-e-type=\"widget\" data-widget_type=\"heading.default\">\n\t\t\t\t<div class=\"elementor-widget-container\">\n\t\t\t\t\t<h2 class=\"elementor-heading-title elementor-size-default\">N\u00e4chstes Jahrgangstreffen \n31.10.2026<\/h2>\t\t\t\t<\/div>\n\t\t\t\t<\/div>\n\t\t\t\t<\/div>\n\t\t<div class=\"elementor-element elementor-element-b53e92f e-flex e-con-boxed e-con e-parent\" data-id=\"b53e92f\" data-element_type=\"container\" data-e-type=\"container\" data-settings=\"{&quot;background_background&quot;:&quot;classic&quot;}\">\n\t\t\t\t\t<div class=\"e-con-inner\">\n\t\t\t\t<div class=\"elementor-element elementor-element-4ffb1db elementor-widget__width-initial elementor-widget elementor-widget-text-editor\" data-id=\"4ffb1db\" data-element_type=\"widget\" data-e-type=\"widget\" data-widget_type=\"text-editor.default\">\n\t\t\t\t<div class=\"elementor-widget-container\">\n\t\t\t\t\t\t\t\t\t<h2>Die 1974er Jahrg\u00e4ngerinnen und Jahrg\u00e4nger aus Steinhausen treffen sich. Du bist im Jahr 1974 geboren und wohnst in Steinhausen, dann komm auch!<\/h2>\t\t\t\t\t\t\t\t<\/div>\n\t\t\t\t<\/div>\n\t\t\t\t\t<\/div>\n\t\t\t\t<\/div>\n\t\t<div class=\"elementor-element elementor-element-9b3e31c e-flex e-con-boxed e-con e-parent\" data-id=\"9b3e31c\" data-element_type=\"container\" data-e-type=\"container\">\n\t\t\t\t\t<div class=\"e-con-inner\">\n\t\t\t\t<div class=\"elementor-element elementor-element-94f2790 elementor-widget__width-inherit elementor-widget elementor-widget-image\" data-id=\"94f2790\" data-element_type=\"widget\" data-e-type=\"widget\" data-widget_type=\"image.default\">\n\t\t\t\t<div class=\"elementor-widget-container\">\n\t\t\t\t\t\t\t\t\t\t\t\t\t\t\t<img fetchpriority=\"high\" decoding=\"async\" width=\"2500\" height=\"1624\" src=\"https:\/\/jahrgangstreffen-1974.ch\/wp-content\/uploads\/2024\/05\/1074_KeyVisual_1-Kopie.jpg\" class=\"attachment-full size-full wp-image-48\" alt=\"\" srcset=\"https:\/\/jahrgangstreffen-1974.ch\/wp-content\/uploads\/2024\/05\/1074_KeyVisual_1-Kopie.jpg 2500w, https:\/\/jahrgangstreffen-1974.ch\/wp-content\/uploads\/2024\/05\/1074_KeyVisual_1-Kopie-300x195.jpg 300w, https:\/\/jahrgangstreffen-1974.ch\/wp-content\/uploads\/2024\/05\/1074_KeyVisual_1-Kopie-1024x665.jpg 1024w, https:\/\/jahrgangstreffen-1974.ch\/wp-content\/uploads\/2024\/05\/1074_KeyVisual_1-Kopie-768x499.jpg 768w, https:\/\/jahrgangstreffen-1974.ch\/wp-content\/uploads\/2024\/05\/1074_KeyVisual_1-Kopie-1536x998.jpg 1536w, https:\/\/jahrgangstreffen-1974.ch\/wp-content\/uploads\/2024\/05\/1074_KeyVisual_1-Kopie-2048x1330.jpg 2048w\" sizes=\"(max-width: 2500px) 100vw, 2500px\" \/>\t\t\t\t\t\t\t\t\t\t\t\t\t\t\t<\/div>\n\t\t\t\t<\/div>\n\t\t\t\t\t<\/div>\n\t\t\t\t<\/div>\n\t\t<div class=\"elementor-element elementor-element-da0daea e-flex e-con-boxed e-con e-parent\" data-id=\"da0daea\" data-element_type=\"container\" data-e-type=\"container\" data-settings=\"{&quot;background_background&quot;:&quot;classic&quot;}\">\n\t\t\t\t\t<div class=\"e-con-inner\">\n\t\t\t\t<div class=\"elementor-element elementor-element-1cc406b elementor-widget elementor-widget-heading\" data-id=\"1cc406b\" data-element_type=\"widget\" data-e-type=\"widget\" data-widget_type=\"heading.default\">\n\t\t\t\t<div class=\"elementor-widget-container\">\n\t\t\t\t\t<h2 class=\"elementor-heading-title elementor-size-default\">Programm<\/h2>\t\t\t\t<\/div>\n\t\t\t\t<\/div>\n\t\t\t\t<div class=\"elementor-element elementor-element-608504e elementor-widget-mobile__width-initial elementor-widget elementor-widget-text-editor\" data-id=\"608504e\" data-element_type=\"widget\" data-e-type=\"widget\" data-widget_type=\"text-editor.default\">\n\t\t\t\t<div class=\"elementor-widget-container\">\n\t\t\t\t\t\t\t\t\t<p>weitere Infos folgen via E-Mail<\/p>\t\t\t\t\t\t\t\t<\/div>\n\t\t\t\t<\/div>\n\t\t\t\t\t<\/div>\n\t\t\t\t<\/div>\n\t\t<div class=\"elementor-element elementor-element-0fecb3e e-flex e-con-boxed e-con e-parent\" data-id=\"0fecb3e\" data-element_type=\"container\" data-e-type=\"container\">\n\t\t\t\t\t<div class=\"e-con-inner\">\n\t\t\t\t<div class=\"elementor-element elementor-element-bf83390 elementor-widget elementor-widget-text-editor\" data-id=\"bf83390\" data-element_type=\"widget\" data-e-type=\"widget\" data-widget_type=\"text-editor.default\">\n\t\t\t\t<div class=\"elementor-widget-container\">\n\t\t\t\t\t\t\t\t\t<h2>\u00a0<\/h2>\t\t\t\t\t\t\t\t<\/div>\n\t\t\t\t<\/div>\n\t\t\t\t\t<\/div>\n\t\t\t\t<\/div>\n\t\t<div class=\"elementor-element elementor-element-6670917 e-flex e-con-boxed e-con e-parent\" data-id=\"6670917\" data-element_type=\"container\" data-e-type=\"container\" data-settings=\"{&quot;background_background&quot;:&quot;classic&quot;}\">\n\t\t\t\t\t<div class=\"e-con-inner\">\n\t\t\t\t<div class=\"elementor-element elementor-element-d2d6c18 elementor-widget elementor-widget-text-editor\" data-id=\"d2d6c18\" data-element_type=\"widget\" data-e-type=\"widget\" data-widget_type=\"text-editor.default\">\n\t\t\t\t<div class=\"elementor-widget-container\">\n\t\t\t\t\t\t\t\t\t<p>Wir freuen uns! Das OK &#8230;<br \/>Pascaline &amp; Nicki Robert Dierbach<br \/>Susanne &amp; Kurt Egger<\/p><h2>Kontakt:<br \/><a href=\"mailto:ok@jahrgangstreffen-1974.ch\">ok@jahrgangstreffen-1974.ch<\/a><\/h2>\t\t\t\t\t\t\t\t<\/div>\n\t\t\t\t<\/div>\n\t\t\t\t\t<\/div>\n\t\t\t\t<\/div>\n\t\t<div class=\"elementor-element elementor-element-a174a39 e-flex e-con-boxed e-con e-parent\" data-id=\"a174a39\" data-element_type=\"container\" data-e-type=\"container\">\n\t\t\t\t\t<div class=\"e-con-inner\">\n\t\t\t\t<div class=\"elementor-element elementor-element-7c373a5 elementor-widget__width-inherit elementor-widget elementor-widget-image\" data-id=\"7c373a5\" data-element_type=\"widget\" data-e-type=\"widget\" data-widget_type=\"image.default\">\n\t\t\t\t<div class=\"elementor-widget-container\">\n\t\t\t\t\t\t\t\t\t\t\t\t\t\t\t<img decoding=\"async\" width=\"768\" height=\"206\" src=\"https:\/\/jahrgangstreffen-1974.ch\/wp-content\/uploads\/2024\/05\/Backround_kl2-768x206.png\" class=\"attachment-medium_large size-medium_large wp-image-285\" alt=\"\" srcset=\"https:\/\/jahrgangstreffen-1974.ch\/wp-content\/uploads\/2024\/05\/Backround_kl2-768x206.png 768w, https:\/\/jahrgangstreffen-1974.ch\/wp-content\/uploads\/2024\/05\/Backround_kl2-300x81.png 300w, https:\/\/jahrgangstreffen-1974.ch\/wp-content\/uploads\/2024\/05\/Backround_kl2-1024x275.png 1024w, https:\/\/jahrgangstreffen-1974.ch\/wp-content\/uploads\/2024\/05\/Backround_kl2.png 1050w\" sizes=\"(max-width: 768px) 100vw, 768px\" \/>\t\t\t\t\t\t\t\t\t\t\t\t\t\t\t<\/div>\n\t\t\t\t<\/div>\n\t\t\t\t\t<\/div>\n\t\t\t\t<\/div>\n\t\t\t\t<\/div>\n\t\t","protected":false},"excerpt":{"rendered":"<p>N\u00e4chstes Jahrgangstreffen 31.10.2026 Die 1974er Jahrg\u00e4ngerinnen und Jahrg\u00e4nger aus Steinhausen treffen sich. Du bist im Jahr 1974 geboren und wohnst in Steinhausen, dann komm auch! Programm weitere Infos folgen via E-Mail \u00a0 Wir freuen uns! Das OK &#8230;Pascaline &amp; Nicki Robert DierbachSusanne &amp; Kurt Egger Kontakt:ok@jahrgangstreffen-1974.ch<\/p>\n","protected":false},"author":1,"featured_media":0,"parent":0,"menu_order":0,"comment_status":"closed","ping_status":"closed","template":"","meta":{"ocean_post_layout":"full-screen","ocean_both_sidebars_style":"","ocean_both_sidebars_content_width":0,"ocean_both_sidebars_sidebars_width":0,"ocean_sidebar":"","ocean_second_sidebar":"","ocean_disable_margins":"enable","ocean_add_body_class":"","ocean_shortcode_before_top_bar":"","ocean_shortcode_after_top_bar":"","ocean_shortcode_before_header":"","ocean_shortcode_after_header":"","ocean_has_shortcode":"","ocean_shortcode_after_title":"","ocean_shortcode_before_footer_widgets":"","ocean_shortcode_after_footer_widgets":"","ocean_shortcode_before_footer_bottom":"","ocean_shortcode_after_footer_bottom":"","ocean_display_top_bar":"off","ocean_display_header":"off","ocean_header_style":"","ocean_center_header_left_menu":"","ocean_custom_header_template":"","ocean_custom_logo":46,"ocean_custom_retina_logo":0,"ocean_custom_logo_max_width":0,"ocean_custom_logo_tablet_max_width":0,"ocean_custom_logo_mobile_max_width":0,"ocean_custom_logo_max_height":0,"ocean_custom_logo_tablet_max_height":0,"ocean_custom_logo_mobile_max_height":0,"ocean_header_custom_menu":"","ocean_menu_typo_font_family":"","ocean_menu_typo_font_subset":"","ocean_menu_typo_font_size":0,"ocean_menu_typo_font_size_tablet":0,"ocean_menu_typo_font_size_mobile":0,"ocean_menu_typo_font_size_unit":"px","ocean_menu_typo_font_weight":"","ocean_menu_typo_font_weight_tablet":"","ocean_menu_typo_font_weight_mobile":"","ocean_menu_typo_transform":"","ocean_menu_typo_transform_tablet":"","ocean_menu_typo_transform_mobile":"","ocean_menu_typo_line_height":0,"ocean_menu_typo_line_height_tablet":0,"ocean_menu_typo_line_height_mobile":0,"ocean_menu_typo_line_height_unit":"","ocean_menu_typo_spacing":0,"ocean_menu_typo_spacing_tablet":0,"ocean_menu_typo_spacing_mobile":0,"ocean_menu_typo_spacing_unit":"","ocean_menu_link_color":"","ocean_menu_link_color_hover":"","ocean_menu_link_color_active":"","ocean_menu_link_background":"","ocean_menu_link_hover_background":"","ocean_menu_link_active_background":"","ocean_menu_social_links_bg":"","ocean_menu_social_hover_links_bg":"","ocean_menu_social_links_color":"","ocean_menu_social_hover_links_color":"","ocean_disable_title":"on","ocean_disable_heading":"default","ocean_post_title":"","ocean_post_subheading":"","ocean_post_title_style":"","ocean_post_title_background_color":"","ocean_post_title_background":0,"ocean_post_title_bg_image_position":"","ocean_post_title_bg_image_attachment":"","ocean_post_title_bg_image_repeat":"","ocean_post_title_bg_image_size":"","ocean_post_title_height":0,"ocean_post_title_bg_overlay":0.5,"ocean_post_title_bg_overlay_color":"","ocean_disable_breadcrumbs":"default","ocean_breadcrumbs_color":"","ocean_breadcrumbs_separator_color":"","ocean_breadcrumbs_links_color":"","ocean_breadcrumbs_links_hover_color":"","ocean_display_footer_widgets":"off","ocean_display_footer_bottom":"off","ocean_custom_footer_template":"","footnotes":""},"class_list":["post-35","page","type-page","status-publish","hentry","entry"],"_links":{"self":[{"href":"https:\/\/jahrgangstreffen-1974.ch\/index.php?rest_route=\/wp\/v2\/pages\/35","targetHints":{"allow":["GET"]}}],"collection":[{"href":"https:\/\/jahrgangstreffen-1974.ch\/index.php?rest_route=\/wp\/v2\/pages"}],"about":[{"href":"https:\/\/jahrgangstreffen-1974.ch\/index.php?rest_route=\/wp\/v2\/types\/page"}],"author":[{"embeddable":true,"href":"https:\/\/jahrgangstreffen-1974.ch\/index.php?rest_route=\/wp\/v2\/users\/1"}],"replies":[{"embeddable":true,"href":"https:\/\/jahrgangstreffen-1974.ch\/index.php?rest_route=%2Fwp%2Fv2%2Fcomments&post=35"}],"version-history":[{"count":332,"href":"https:\/\/jahrgangstreffen-1974.ch\/index.php?rest_route=\/wp\/v2\/pages\/35\/revisions"}],"predecessor-version":[{"id":430,"href":"https:\/\/jahrgangstreffen-1974.ch\/index.php?rest_route=\/wp\/v2\/pages\/35\/revisions\/430"}],"wp:attachment":[{"href":"https:\/\/jahrgangstreffen-1974.ch\/index.php?rest_route=%2Fwp%2Fv2%2Fmedia&parent=35"}],"curies":[{"name":"wp","href":"https:\/\/api.w.org\/{rel}","templated":true}]}}